{"id":12,"date":"2024-04-09T09:51:57","date_gmt":"2024-04-09T09:51:57","guid":{"rendered":"https:\/\/mkt.rindo.com.ar\/landings\/?page_id=12"},"modified":"2024-07-29T22:05:06","modified_gmt":"2024-07-29T22:05:06","slug":"webinar2402","status":"publish","type":"page","link":"https:\/\/mkt.rindo.com.ar\/landings\/","title":{"rendered":""},"content":{"rendered":"\n<figure class=\"wp-block-image size-large\"><a href=\"#form\"><img loading=\"lazy\" decoding=\"async\" width=\"765\" height=\"1024\" src=\"https:\/\/mkt.rindo.com.ar\/landings\/wp-content\/uploads\/2024\/07\/skeam-1-765x1024.jpeg\" alt=\"\" class=\"wp-image-182\" srcset=\"https:\/\/mkt.rindo.com.ar\/landings\/wp-content\/uploads\/2024\/07\/skeam-1-765x1024.jpeg 765w, https:\/\/mkt.rindo.com.ar\/landings\/wp-content\/uploads\/2024\/07\/skeam-1-224x300.jpeg 224w, https:\/\/mkt.rindo.com.ar\/landings\/wp-content\/uploads\/2024\/07\/skeam-1-768x1028.jpeg 768w, https:\/\/mkt.rindo.com.ar\/landings\/wp-content\/uploads\/2024\/07\/skeam-1.jpeg 899w\" sizes=\"auto, (max-width: 765px) 100vw, 765px\" \/><\/a><\/figure>\n\n\n\n<p><strong>Formar \u00abskeamers\u00bb<\/strong>. Es decir, l\u00edderes con herramientas para COMPRENDER MEJOR EL NEGOCIO y para GESTIONAR DE MANERA M\u00c1S EFICIENTE A TU EQUIPO. Con habilidades en habilidades humanas y adaptadas a las nuevas tecnolog\u00edas, condici\u00f3n necesaria para l\u00edderes modernos.<\/p>\n\n\n\n<h2 class=\"wp-block-heading has-accent-3-color has-text-color has-link-color wp-elements-7a18b9d3acefd16e8c22146f69c09199\">-> DIFERENCIALES<\/h2>\n\n\n\n<ul class=\"wp-block-list\">\n<li>Plantel docente, con alto nivel de experiencia.<\/li>\n\n\n\n<li>Formaci\u00f3n con enfoque herramental, sincr\u00f3nico o asincr\u00f3nico.<\/li>\n\n\n\n<li>Todas las clases en vivo, quedan grabadas. \u00a1No te pierdas de nada!<\/li>\n\n\n\n<li>Certificado POK (Prueba de conocimiento) cifrado en blockchain.<\/li>\n\n\n\n<li>Integraci\u00f3n a la red de profesionales de \u201cb\u00fasqueda y selecci\u00f3n de personal\u201d de RINDO.<\/li>\n\n\n\n<li>C\u00e1psulas grabadas asincr\u00f3nicas, complementarias a est\u00edmulos en vivo, editadas en fullHD. Accesibilidad constante a trav\u00e9s de nuestra plataforma, por el lapso de 3 a\u00f1os.<\/li>\n<\/ul>\n\n\n\n<h2 class=\"wp-block-heading has-accent-3-color has-text-color has-link-color wp-elements-ffdcf8597aa1e1af36ccdc97928b5791\">-> MATERIAS<\/h2>\n\n\n\n<p>1&nbsp;. GESTI\u00d3N DE EQUIPOS DESDE UN ENFOQUE COMUNICACIONAL<\/p>\n\n\n\n<p>2. ESTRATEGIA DE NEGOCIOS<\/p>\n\n\n\n<p>3.NEGOCIACI\u00d3N CON CLIENTES INTERNOS Y EXTERNOS<\/p>\n\n\n\n<p>4. LIDERANDO CON METODOLOG\u00cdAS \u00c1GILES<\/p>\n\n\n\n<p>5. CULTURA ORGANIZACIONAL Y REMUNERACI\u00d3N VARIABLE&nbsp;<\/p>\n\n\n\n<p>6. INNOVACI\u00d3N DE PRODUCTO<\/p>\n\n\n\n<p>7. HERRAMIENTAS COMERCIALES<\/p>\n\n\n\n<p>8. GESTI\u00d3N DE LA INCERTIDUMBRE Y TOLERANCIA A LA FRUSTRACI\u00d3N<\/p>\n\n\n\n<div class=\"wp-block-group has-global-padding is-layout-constrained wp-block-group-is-layout-constrained\">\n<h2 class=\"wp-block-heading has-text-align-left has-accent-3-color has-text-color has-link-color wp-elements-88c73a9007c06efcb6d259838215ffe2\" id=\"form\">-> INSCRIBITE AHORA<\/h2>\n\n\n\n<p>Complet\u00e1 los datos para participar de nuestra webinar y del sorteo de una beca individual y una beca corporativa para 3 personas.<\/p>\n\n\n\n<script type=\"text\/javascript\" src=\"\/\/mkt.rindo.com.ar\/form\/generate.js?id=7\"><\/script>\n<\/div>\n","protected":false},"excerpt":{"rendered":"<p>Formar \u00abskeamers\u00bb. Es decir, l\u00edderes con herramientas para COMPRENDER MEJOR EL NEGOCIO y para GESTIONAR DE MANERA M\u00c1S EFICIENTE A TU EQUIPO. Con habilidades en habilidades humanas y adaptadas a las nuevas tecnolog\u00edas, condici\u00f3n necesaria para l\u00edderes modernos. -> DIFERENCIALES -> MATERIAS 1&nbsp;. GESTI\u00d3N DE EQUIPOS DESDE UN ENFOQUE COMUNICACIONAL 2. ESTRATEGIA DE NEGOCIOS 3.NEGOCIACI\u00d3N [&hellip;]<\/p>\n","protected":false},"author":1,"featured_media":0,"parent":0,"menu_order":0,"comment_status":"closed","ping_status":"closed","template":"","meta":{"footnotes":""},"class_list":["post-12","page","type-page","status-publish","hentry"],"_links":{"self":[{"href":"https:\/\/mkt.rindo.com.ar\/landings\/wp-json\/wp\/v2\/pages\/12","targetHints":{"allow":["GET"]}}],"collection":[{"href":"https:\/\/mkt.rindo.com.ar\/landings\/wp-json\/wp\/v2\/pages"}],"about":[{"href":"https:\/\/mkt.rindo.com.ar\/landings\/wp-json\/wp\/v2\/types\/page"}],"author":[{"embeddable":true,"href":"https:\/\/mkt.rindo.com.ar\/landings\/wp-json\/wp\/v2\/users\/1"}],"replies":[{"embeddable":true,"href":"https:\/\/mkt.rindo.com.ar\/landings\/wp-json\/wp\/v2\/comments?post=12"}],"version-history":[{"count":30,"href":"https:\/\/mkt.rindo.com.ar\/landings\/wp-json\/wp\/v2\/pages\/12\/revisions"}],"predecessor-version":[{"id":189,"href":"https:\/\/mkt.rindo.com.ar\/landings\/wp-json\/wp\/v2\/pages\/12\/revisions\/189"}],"wp:attachment":[{"href":"https:\/\/mkt.rindo.com.ar\/landings\/wp-json\/wp\/v2\/media?parent=12"}],"curies":[{"name":"wp","href":"https:\/\/api.w.org\/{rel}","templated":true}]}}